{"id":7168,"date":"2026-03-27T17:25:19","date_gmt":"2026-03-27T17:25:19","guid":{"rendered":"https:\/\/tequilamaji.com\/tienda\/?post_type=product&#038;p=7168"},"modified":"2026-03-28T17:47:15","modified_gmt":"2026-03-28T17:47:15","slug":"tequila-badass-anejo-40-750ml-copia","status":"publish","type":"product","link":"https:\/\/tequilamaji.com\/tienda\/producto\/tequila-badass-anejo-40-750ml-copia\/","title":{"rendered":"Tequila BadAss A\u00f1ejo 40 750ml."},"content":{"rendered":"<p><strong>Profundidad y elegancia nacidas del tiempo.<\/strong><\/p>\n<p>Tequila Maji A\u00f1ejo es una expresi\u00f3n refinada del agave que ha sido cuidadosamente madurado en barricas de madera para desarrollar su car\u00e1cter distintivo. Su tonalidad \u00e1mbar y su complejidad arom\u00e1tica reflejan un proceso de elaboraci\u00f3n paciente y meticuloso.<\/p>\n<p>En nariz ofrece notas envolventes de vainilla, madera tostada y ligeros matices de caramelo. En boca es suave, estructurado y perfectamente equilibrado, donde la dulzura natural del agave se integra con los matices de la crianza. Su final es largo, c\u00e1lido y sedoso.<\/p>\n<p><strong>Ideal para:<\/strong> disfrutarse solo y apreciar cada detalle de su maduraci\u00f3n.<\/p>\n<p><strong>Bouquet y sabor suave, textura notable, agave maduro seleccionado, color dorado con sello y elegancia.<\/strong><\/p>\n<p><strong>Color: <\/strong><\/p>\n<p><strong>Cuerpo abundante y sedoso tono \u00e1mbar.<\/strong><\/p>\n<p><strong>Aroma:<\/strong><\/p>\n<p><strong>Agave cocido intenso, especias y aromas tostados, roble.<\/strong><\/p>\n<p><strong>Sabor:<\/strong><\/p>\n<p><strong>Notas de agave cocido con rica vainilla, roble y frutos secos.<\/strong><\/p>\n<p><strong>Clase: a\u00f1ejo (2.6 a\u00f1os)<\/strong><\/p>\n<p><strong>Categor\u00eda: 100% agave<\/strong><\/p>\n<p><strong>Capacidad: 750ml<\/strong><\/p>\n<p><strong>Alc\/Vol: 40%<\/strong><\/p>\n<p><strong>Nom:1438<\/strong><\/p>\n<p><strong>Destileria: Destiladora del valle de tequila S A DE CV<\/strong><\/p>\n","protected":false},"excerpt":{"rendered":"<p><strong>Bouquet y sabor suave, textura notable, agave maduro seleccionado, color dorado con sello y elegancia.<\/strong><\/p>\n<p><strong>Color: <\/strong><\/p>\n<p><strong>Cuerpo abundante y sedoso tono \u00e1mbar.<\/strong><\/p>\n<p><strong>Aroma:<\/strong><\/p>\n<p><strong>Agave cocido intenso, especias y aromas tostados, roble.<\/strong><\/p>\n<p><strong>Sabor:<\/strong><\/p>\n<p><strong>Notas de agave cocido con rica vainilla, roble y frutos secos.<\/strong><\/p>\n<p><strong>Clase: a\u00f1ejo (2.6 a\u00f1os)<\/strong><\/p>\n<p><strong>Categor\u00eda: 100% agave<\/strong><\/p>\n<p><strong>Capacidad: 750ml<\/strong><\/p>\n<p><strong>Alc\/Vol: 40%<\/strong><\/p>\n<p><strong>Nom:1438<\/strong><\/p>\n<p><strong>Destileria: Destiladora del valle de tequila S A DE CV<\/strong><\/p>\n","protected":false},"featured_media":7169,"comment_status":"open","ping_status":"closed","template":"","meta":{"inline_featured_image":false,"_joinchat":[]},"product_cat":[113,119],"product_tag":[122,123],"class_list":{"0":"post-7168","1":"product","2":"type-product","3":"status-publish","4":"has-post-thumbnail","6":"product_brand-alcohol","7":"product_cat-tequila-anejo","8":"product_cat-tequila-bad-ass","9":"product_tag-tequila-anejo","10":"product_tag-tequila-maji-anejo","12":"first","13":"instock","14":"taxable","15":"shipping-taxable","16":"purchasable","17":"product-type-simple"},"jetpack_sharing_enabled":true,"_links":{"self":[{"href":"https:\/\/tequilamaji.com\/tienda\/wp-json\/wp\/v2\/product\/7168","targetHints":{"allow":["GET"]}}],"collection":[{"href":"https:\/\/tequilamaji.com\/tienda\/wp-json\/wp\/v2\/product"}],"about":[{"href":"https:\/\/tequilamaji.com\/tienda\/wp-json\/wp\/v2\/types\/product"}],"replies":[{"embeddable":true,"href":"https:\/\/tequilamaji.com\/tienda\/wp-json\/wp\/v2\/comments?post=7168"}],"wp:featuredmedia":[{"embeddable":true,"href":"https:\/\/tequilamaji.com\/tienda\/wp-json\/wp\/v2\/media\/7169"}],"wp:attachment":[{"href":"https:\/\/tequilamaji.com\/tienda\/wp-json\/wp\/v2\/media?parent=7168"}],"wp:term":[{"taxonomy":"product_cat","embeddable":true,"href":"https:\/\/tequilamaji.com\/tienda\/wp-json\/wp\/v2\/product_cat?post=7168"},{"taxonomy":"product_tag","embeddable":true,"href":"https:\/\/tequilamaji.com\/tienda\/wp-json\/wp\/v2\/product_tag?post=7168"}],"curies":[{"name":"wp","href":"https:\/\/api.w.org\/{rel}","templated":true}]}}