{"id":7175,"date":"2026-03-27T17:49:04","date_gmt":"2026-03-27T17:49:04","guid":{"rendered":"https:\/\/tequilamaji.com\/tienda\/?post_type=product&#038;p=7175"},"modified":"2026-03-28T18:01:11","modified_gmt":"2026-03-28T18:01:11","slug":"tequila-jimenez-blanco-40-750ml","status":"publish","type":"product","link":"https:\/\/tequilamaji.com\/tienda\/producto\/tequila-jimenez-blanco-40-750ml\/","title":{"rendered":"Tequila Jim\u00e9nez Blanco 40. 750ml."},"content":{"rendered":"<p><strong>La esencia pura del agave.<\/strong><\/p>\n<p>Tequila Maji Blanco representa la forma m\u00e1s aut\u00e9ntica y fresca del tequila. Cristalino y brillante, conserva la pureza del agave reci\u00e9n destilado, ofreciendo una experiencia limpia y vibrante.<\/p>\n<p>Su aroma destaca por notas frescas herbales y c\u00edtricas caracter\u00edsticas del agave. En boca es suave, ligero y equilibrado, con un toque delicadamente dulce que realza su car\u00e1cter natural.<\/p>\n<p>Vers\u00e1til y expresivo, es perfecto tanto para disfrutarse derecho como para crear cocteles de alta calidad.<\/p>\n<p><strong>Ideal para:<\/strong> reuniones sociales, mixolog\u00eda y quienes buscan un tequila fresco y aut\u00e9ntico.<\/p>\n<p><strong>Sabores c\u00edtricos que dan equilibrio de sabores n\u00edtidos, limpios al paladar y puros de olfato.<\/strong><\/p>\n<p><strong>Color:<\/strong><\/p>\n<p><strong>Cuerpo abundante y sedoso tono plateado.<\/strong><\/p>\n<p><strong>Aroma:<\/strong><\/p>\n<p><strong>C\u00edtricos, agave cocido, hierbas silvestres, especiado, terroso.<\/strong><\/p>\n<p><strong>Sabor:<\/strong><\/p>\n<p><strong>Notas de agave cocido con hierbas silvestres y c\u00edtricos.<\/strong><\/p>\n<p><strong>Clase blanco<\/strong><\/p>\n<p><strong>Categor\u00eda: 100% agave<\/strong><\/p>\n<p><strong>Capacidad; 750 ml<\/strong><\/p>\n<p><strong>Alc\/vol: 40%<\/strong><\/p>\n<p><strong>NOM:1438<\/strong><\/p>\n<p><strong>Destiler\u00eda : Destiladora del valle de tequila sa de cv<\/strong><\/p>\n","protected":false},"excerpt":{"rendered":"<p><strong>Sabores c\u00edtricos que dan equilibrio de sabores n\u00edtidos, limpios al paladar y puros de olfato.<\/strong><\/p>\n<p><strong>Color:<\/strong><\/p>\n<p><strong>Cuerpo abundante y sedoso tono plateado.<\/strong><\/p>\n<p><strong>Aroma:<\/strong><\/p>\n<p><strong>C\u00edtricos, agave cocido, hierbas silvestres, especiado, terroso.<\/strong><\/p>\n<p><strong>Sabor:<\/strong><\/p>\n<p><strong>Notas de agave cocido con hierbas silvestres y c\u00edtricos.<\/strong><\/p>\n<p><strong>Clase blanco<\/strong><\/p>\n<p><strong>Categor\u00eda: 100% agave<\/strong><\/p>\n<p><strong>Capacidad; 750 ml<\/strong><\/p>\n<p><strong>Alc\/vol: 40%<\/strong><\/p>\n<p><strong>NOM:1438<\/strong><\/p>\n<p><strong>Destiler\u00eda : Destiladora del valle de tequila sa de cv<\/strong><\/p>\n","protected":false},"featured_media":7176,"comment_status":"open","ping_status":"closed","template":"","meta":{"inline_featured_image":false,"_joinchat":[]},"product_cat":[112,118],"product_tag":[120,121],"class_list":{"0":"post-7175","1":"product","2":"type-product","3":"status-publish","4":"has-post-thumbnail","6":"product_brand-alcohol","7":"product_cat-tequila-blanco","8":"product_cat-tequila-jimenez","9":"product_tag-tequila-blanco","10":"product_tag-tequila-maji","12":"first","13":"instock","14":"taxable","15":"shipping-taxable","16":"purchasable","17":"product-type-simple"},"jetpack_sharing_enabled":true,"_links":{"self":[{"href":"https:\/\/tequilamaji.com\/tienda\/wp-json\/wp\/v2\/product\/7175","targetHints":{"allow":["GET"]}}],"collection":[{"href":"https:\/\/tequilamaji.com\/tienda\/wp-json\/wp\/v2\/product"}],"about":[{"href":"https:\/\/tequilamaji.com\/tienda\/wp-json\/wp\/v2\/types\/product"}],"replies":[{"embeddable":true,"href":"https:\/\/tequilamaji.com\/tienda\/wp-json\/wp\/v2\/comments?post=7175"}],"wp:featuredmedia":[{"embeddable":true,"href":"https:\/\/tequilamaji.com\/tienda\/wp-json\/wp\/v2\/media\/7176"}],"wp:attachment":[{"href":"https:\/\/tequilamaji.com\/tienda\/wp-json\/wp\/v2\/media?parent=7175"}],"wp:term":[{"taxonomy":"product_cat","embeddable":true,"href":"https:\/\/tequilamaji.com\/tienda\/wp-json\/wp\/v2\/product_cat?post=7175"},{"taxonomy":"product_tag","embeddable":true,"href":"https:\/\/tequilamaji.com\/tienda\/wp-json\/wp\/v2\/product_tag?post=7175"}],"curies":[{"name":"wp","href":"https:\/\/api.w.org\/{rel}","templated":true}]}}